{"id":197,"date":"2015-06-16T11:19:38","date_gmt":"2015-06-16T08:19:38","guid":{"rendered":"http:\/\/journal.phaselis.org\/en\/?page_id=197"},"modified":"2025-01-09T21:43:55","modified_gmt":"2025-01-09T18:43:55","slug":"contact","status":"publish","type":"page","link":"http:\/\/www.libridergi.org\/en\/contact","title":{"rendered":"Contact"},"content":{"rendered":"<div class=\"one_half\"><h4><strong>Address<\/strong><\/h4>\n<p><strong>Akdeniz University<\/strong><br \/>\nAkdeniz Uygarl\u0131klar\u0131 Ara\u015ft\u0131rma Enstit\u00fcs\u00fc<br \/>\nAkdeniz Eski\u00e7a\u011f Ara\u015ft\u0131rmalar\u0131 Ana Bilim Dal\u0131<br \/>\nKamp\u00fcs \/ Antalya &#8211; 07058<\/p><\/div>\n<div class=\"one_half last\"><h4>Contact<\/h4>\n<p>E-mail: libri@akdeniz.edu.tr<\/p>\n<div id=\"framed_box_5681a028e8b5910fc05e75a97fafa937\" class=\"framed_box rounded aligncenter\">\n\t<div class=\"framed_box_content\">\n\t\t\n<h3 style=\"text-align: left;\">Article Submission<\/h3>\n<p style=\"text-align: left;\">After editing your paper according to the\u00a0<a href=\"http:\/\/www.libridergi.org\/en\/about-journal\/#policy\"><em>Editorial Principles<\/em><\/a>\u00a0and the\u00a0<em><a href=\"http:\/\/www.libridergi.org\/en\/publication-policies\">Publication Policies<\/a><\/em>\u00a0of LIBRI, you may send them to\u00a0<strong><a href=\"mailto:libri@akdeniz.edu.tr\">libri@akdeniz.edu.tr<\/a>.<\/strong><\/p>\n<p style=\"text-align: left;\">\n\t\t<div class=\"framed_box_space\"><\/div>\n\t<\/div>\n<\/div>\n<\/div><div class=\"clearboth\"><\/div>\n","protected":false},"excerpt":{"rendered":"","protected":false},"author":1,"featured_media":0,"parent":0,"menu_order":0,"comment_status":"closed","ping_status":"open","template":"","meta":{"footnotes":""},"class_list":["post-197","page","type-page","status-publish","hentry"],"_links":{"self":[{"href":"http:\/\/www.libridergi.org\/en\/wp-json\/wp\/v2\/pages\/197","targetHints":{"allow":["GET"]}}],"collection":[{"href":"http:\/\/www.libridergi.org\/en\/wp-json\/wp\/v2\/pages"}],"about":[{"href":"http:\/\/www.libridergi.org\/en\/wp-json\/wp\/v2\/types\/page"}],"author":[{"embeddable":true,"href":"http:\/\/www.libridergi.org\/en\/wp-json\/wp\/v2\/users\/1"}],"replies":[{"embeddable":true,"href":"http:\/\/www.libridergi.org\/en\/wp-json\/wp\/v2\/comments?post=197"}],"version-history":[{"count":4,"href":"http:\/\/www.libridergi.org\/en\/wp-json\/wp\/v2\/pages\/197\/revisions"}],"predecessor-version":[{"id":8675,"href":"http:\/\/www.libridergi.org\/en\/wp-json\/wp\/v2\/pages\/197\/revisions\/8675"}],"wp:attachment":[{"href":"http:\/\/www.libridergi.org\/en\/wp-json\/wp\/v2\/media?parent=197"}],"curies":[{"name":"wp","href":"https:\/\/api.w.org\/{rel}","templated":true}]}}